{"id":12,"date":"2026-01-30T15:33:09","date_gmt":"2026-01-30T15:33:09","guid":{"rendered":"https:\/\/reformasintegralesarm.rkinformatika.online\/?page_id=12"},"modified":"2026-02-09T14:33:39","modified_gmt":"2026-02-09T14:33:39","slug":"servicios","status":"publish","type":"page","link":"https:\/\/reformasintegrales-a-r-m.com\/eu\/servicios\/","title":{"rendered":"Zerbitzuak"},"content":{"rendered":"<div data-elementor-type=\"wp-page\" data-elementor-id=\"12\" class=\"elementor elementor-12\" data-elementor-post-type=\"page\">\n\t\t\t\t<div class=\"elementor-element elementor-element-3d6424e e-flex e-con-boxed e-con e-parent\" data-id=\"3d6424e\" data-element_type=\"container\" data-e-type=\"container\" data-settings=\"{&quot;background_background&quot;:&quot;classic&quot;,&quot;animation&quot;:&quot;none&quot;}\">\n\t\t\t\t\t<div class=\"e-con-inner\">\n\t\t\t\t\t<\/div>\n\t\t\t\t<\/div>\n\t\t<div class=\"elementor-element elementor-element-56ab406 e-flex e-con-boxed e-con e-parent\" data-id=\"56ab406\" data-element_type=\"container\" data-e-type=\"container\">\n\t\t\t\t\t<div class=\"e-con-inner\">\n\t\t\t\t<div class=\"elementor-element elementor-element-433594c elementor-invisible elementor-widget elementor-widget-heading\" data-id=\"433594c\" data-element_type=\"widget\" data-e-type=\"widget\" data-settings=\"{&quot;_animation&quot;:&quot;fadeInDown&quot;}\" data-widget_type=\"heading.default\">\n\t\t\t\t\t<h2 class=\"elementor-heading-title elementor-size-default\">SERVICIOS<\/h2>\t\t\t\t<\/div>\n\t\t\t\t\t<\/div>\n\t\t\t\t<\/div>\n\t\t<div class=\"elementor-element elementor-element-5c52188 e-flex e-con-boxed e-con e-parent\" data-id=\"5c52188\" data-element_type=\"container\" data-e-type=\"container\">\n\t\t\t\t\t<div class=\"e-con-inner\">\n\t\t<div class=\"elementor-element elementor-element-6f0e517 e-con-full e-flex elementor-invisible e-con e-child\" data-id=\"6f0e517\" data-element_type=\"container\" data-e-type=\"container\" data-settings=\"{&quot;animation&quot;:&quot;fadeInDown&quot;}\">\n\t\t\t\t<div class=\"elementor-element elementor-element-73c4a0d elementor-widget elementor-widget-image\" data-id=\"73c4a0d\" data-element_type=\"widget\" data-e-type=\"widget\" data-widget_type=\"image.default\">\n\t\t\t\t\t\t\t\t\t\t\t\t\t\t\t<img fetchpriority=\"high\" decoding=\"async\" width=\"800\" height=\"534\" src=\"https:\/\/reformasintegrales-a-r-m.com\/wp-content\/uploads\/2026\/02\/2149366705-1024x683.jpg\" class=\"attachment-large size-large wp-image-158\" alt=\"\" srcset=\"https:\/\/reformasintegrales-a-r-m.com\/wp-content\/uploads\/2026\/02\/2149366705-1024x683.jpg 1024w, https:\/\/reformasintegrales-a-r-m.com\/wp-content\/uploads\/2026\/02\/2149366705-300x200.jpg 300w, https:\/\/reformasintegrales-a-r-m.com\/wp-content\/uploads\/2026\/02\/2149366705-768x512.jpg 768w, https:\/\/reformasintegrales-a-r-m.com\/wp-content\/uploads\/2026\/02\/2149366705-18x12.jpg 18w, https:\/\/reformasintegrales-a-r-m.com\/wp-content\/uploads\/2026\/02\/2149366705.jpg 1500w\" sizes=\"(max-width: 800px) 100vw, 800px\" \/>\t\t\t\t\t\t\t\t\t\t\t\t\t\t\t<\/div>\n\t\t\t\t<div class=\"elementor-element elementor-element-6d01294 elementor-widget elementor-widget-image-box\" data-id=\"6d01294\" data-element_type=\"widget\" data-e-type=\"widget\" data-widget_type=\"image-box.default\">\n\t\t\t\t\t<div class=\"elementor-image-box-wrapper\"><div class=\"elementor-image-box-content\"><h3 class=\"elementor-image-box-title\">Reforma de interiores<\/h3><p class=\"elementor-image-box-description\">Ba\u00f1os, cocinas, pladur, tabiques, falsos techos...<\/p><\/div><\/div>\t\t\t\t<\/div>\n\t\t\t\t<\/div>\n\t\t<div class=\"elementor-element elementor-element-e665ed5 e-con-full e-flex elementor-invisible e-con e-child\" data-id=\"e665ed5\" data-element_type=\"container\" data-e-type=\"container\" data-settings=\"{&quot;animation&quot;:&quot;fadeInDown&quot;}\">\n\t\t\t\t<div class=\"elementor-element elementor-element-59cf6d8 elementor-widget elementor-widget-image\" data-id=\"59cf6d8\" data-element_type=\"widget\" data-e-type=\"widget\" data-widget_type=\"image.default\">\n\t\t\t\t\t\t\t\t\t\t\t\t\t\t\t<img decoding=\"async\" width=\"800\" height=\"501\" src=\"https:\/\/reformasintegrales-a-r-m.com\/wp-content\/uploads\/2026\/02\/55768-1024x641.jpg\" class=\"attachment-large size-large wp-image-157\" alt=\"\" srcset=\"https:\/\/reformasintegrales-a-r-m.com\/wp-content\/uploads\/2026\/02\/55768-1024x641.jpg 1024w, https:\/\/reformasintegrales-a-r-m.com\/wp-content\/uploads\/2026\/02\/55768-300x188.jpg 300w, https:\/\/reformasintegrales-a-r-m.com\/wp-content\/uploads\/2026\/02\/55768-768x481.jpg 768w, https:\/\/reformasintegrales-a-r-m.com\/wp-content\/uploads\/2026\/02\/55768-18x12.jpg 18w, https:\/\/reformasintegrales-a-r-m.com\/wp-content\/uploads\/2026\/02\/55768.jpg 1500w\" sizes=\"(max-width: 800px) 100vw, 800px\" \/>\t\t\t\t\t\t\t\t\t\t\t\t\t\t\t<\/div>\n\t\t\t\t<div class=\"elementor-element elementor-element-a539eec elementor-widget elementor-widget-image-box\" data-id=\"a539eec\" data-element_type=\"widget\" data-e-type=\"widget\" data-widget_type=\"image-box.default\">\n\t\t\t\t\t<div class=\"elementor-image-box-wrapper\"><div class=\"elementor-image-box-content\"><h3 class=\"elementor-image-box-title\">Instalaciones y servicios t\u00e9cnicos<\/h3><p class=\"elementor-image-box-description\">Fontaner\u00eda, calefacci\u00f3n y calderas, electricidad...<\/p><\/div><\/div>\t\t\t\t<\/div>\n\t\t\t\t<\/div>\n\t\t<div class=\"elementor-element elementor-element-148df1b e-con-full e-flex elementor-invisible e-con e-child\" data-id=\"148df1b\" data-element_type=\"container\" data-e-type=\"container\" data-settings=\"{&quot;animation&quot;:&quot;fadeInDown&quot;}\">\n\t\t\t\t<div class=\"elementor-element elementor-element-395afac elementor-widget elementor-widget-image\" data-id=\"395afac\" data-element_type=\"widget\" data-e-type=\"widget\" data-widget_type=\"image.default\">\n\t\t\t\t\t\t\t\t\t\t\t\t\t\t\t<img decoding=\"async\" width=\"800\" height=\"612\" src=\"https:\/\/reformasintegrales-a-r-m.com\/wp-content\/uploads\/2026\/02\/12608-1024x783.jpg\" class=\"attachment-large size-large wp-image-162\" alt=\"\" srcset=\"https:\/\/reformasintegrales-a-r-m.com\/wp-content\/uploads\/2026\/02\/12608-1024x783.jpg 1024w, https:\/\/reformasintegrales-a-r-m.com\/wp-content\/uploads\/2026\/02\/12608-300x229.jpg 300w, https:\/\/reformasintegrales-a-r-m.com\/wp-content\/uploads\/2026\/02\/12608-768x587.jpg 768w, https:\/\/reformasintegrales-a-r-m.com\/wp-content\/uploads\/2026\/02\/12608-16x12.jpg 16w, https:\/\/reformasintegrales-a-r-m.com\/wp-content\/uploads\/2026\/02\/12608.jpg 1500w\" sizes=\"(max-width: 800px) 100vw, 800px\" \/>\t\t\t\t\t\t\t\t\t\t\t\t\t\t\t<\/div>\n\t\t\t\t<div class=\"elementor-element elementor-element-327c305 elementor-widget elementor-widget-image-box\" data-id=\"327c305\" data-element_type=\"widget\" data-e-type=\"widget\" data-widget_type=\"image-box.default\">\n\t\t\t\t\t<div class=\"elementor-image-box-wrapper\"><div class=\"elementor-image-box-content\"><h3 class=\"elementor-image-box-title\">Exterior y \u00e1reas al aire libre<\/h3><p class=\"elementor-image-box-description\">Terrazas, patios, tejados y jardiner\u00eda<\/p><\/div><\/div>\t\t\t\t<\/div>\n\t\t\t\t<\/div>\n\t\t<div class=\"elementor-element elementor-element-3257e4c e-con-full e-flex elementor-invisible e-con e-child\" data-id=\"3257e4c\" data-element_type=\"container\" data-e-type=\"container\" data-settings=\"{&quot;animation&quot;:&quot;fadeInDown&quot;}\">\n\t\t\t\t<div class=\"elementor-element elementor-element-4bdb33c elementor-widget elementor-widget-image\" data-id=\"4bdb33c\" data-element_type=\"widget\" data-e-type=\"widget\" data-widget_type=\"image.default\">\n\t\t\t\t\t\t\t\t\t\t\t\t\t\t\t<img loading=\"lazy\" decoding=\"async\" width=\"800\" height=\"664\" src=\"https:\/\/reformasintegrales-a-r-m.com\/wp-content\/uploads\/2026\/02\/7337-1024x850.jpg\" class=\"attachment-large size-large wp-image-166\" alt=\"\" srcset=\"https:\/\/reformasintegrales-a-r-m.com\/wp-content\/uploads\/2026\/02\/7337-1024x850.jpg 1024w, https:\/\/reformasintegrales-a-r-m.com\/wp-content\/uploads\/2026\/02\/7337-300x249.jpg 300w, https:\/\/reformasintegrales-a-r-m.com\/wp-content\/uploads\/2026\/02\/7337-768x637.jpg 768w, https:\/\/reformasintegrales-a-r-m.com\/wp-content\/uploads\/2026\/02\/7337-14x12.jpg 14w, https:\/\/reformasintegrales-a-r-m.com\/wp-content\/uploads\/2026\/02\/7337.jpg 1500w\" sizes=\"(max-width: 800px) 100vw, 800px\" \/>\t\t\t\t\t\t\t\t\t\t\t\t\t\t\t<\/div>\n\t\t\t\t<div class=\"elementor-element elementor-element-5083697 elementor-widget elementor-widget-image-box\" data-id=\"5083697\" data-element_type=\"widget\" data-e-type=\"widget\" data-widget_type=\"image-box.default\">\n\t\t\t\t\t<div class=\"elementor-image-box-wrapper\"><div class=\"elementor-image-box-content\"><h3 class=\"elementor-image-box-title\">Mantenimiento de comunidades y pabellones<\/h3><p class=\"elementor-image-box-description\">Realizamos todo tipo de reformas, rehabilitaci\u00f3n y mantenimiento con coordinaci\u00f3n de gremios.<\/p><\/div><\/div>\t\t\t\t<\/div>\n\t\t\t\t<\/div>\n\t\t\t\t\t<\/div>\n\t\t\t\t<\/div>\n\t\t<div class=\"elementor-element elementor-element-99ab40f e-flex e-con-boxed e-con e-parent\" data-id=\"99ab40f\" data-element_type=\"container\" data-e-type=\"container\" data-settings=\"{&quot;background_background&quot;:&quot;classic&quot;}\">\n\t\t\t\t\t<div class=\"e-con-inner\">\n\t\t<div class=\"elementor-element elementor-element-5e72e6a e-con-full e-flex e-con e-child\" data-id=\"5e72e6a\" data-element_type=\"container\" data-e-type=\"container\">\n\t\t\t\t<div class=\"elementor-element elementor-element-40f5150 elementor-widget elementor-widget-heading\" data-id=\"40f5150\" data-element_type=\"widget\" data-e-type=\"widget\" data-widget_type=\"heading.default\">\n\t\t\t\t\t<h2 class=\"elementor-heading-title elementor-size-default\">Contacta con nosotros sin compromiso<\/h2>\t\t\t\t<\/div>\n\t\t\t\t<div class=\"elementor-element elementor-element-0427e23 elementor-align-center elementor-widget elementor-widget-button\" data-id=\"0427e23\" data-element_type=\"widget\" data-e-type=\"widget\" data-widget_type=\"button.default\">\n\t\t\t\t\t\t\t\t\t\t<a class=\"elementor-button elementor-button-link elementor-size-sm\" href=\"\/eu\/Contacto\/\">\n\t\t\t\t\t\t<span class=\"elementor-button-content-wrapper\">\n\t\t\t\t\t\t\t\t\t<span class=\"elementor-button-text\">Contactar<\/span>\n\t\t\t\t\t<\/span>\n\t\t\t\t\t<\/a>\n\t\t\t\t\t\t\t\t<\/div>\n\t\t\t\t<\/div>\n\t\t\t\t\t<\/div>\n\t\t\t\t<\/div>\n\t\t\t\t<\/div>","protected":false},"excerpt":{"rendered":"<p>SERVICIOS Reforma de interiores Ba\u00f1os, cocinas, pladur, tabiques, falsos techos&#8230; Instalaciones y servicios t\u00e9cnicos Fontaner\u00eda, calefacci\u00f3n y calderas, electricidad&#8230; Exterior y \u00e1reas al aire libre Terrazas, patios, tejados y jardiner\u00eda Mantenimiento de comunidades y pabellones Realizamos todo tipo de reformas, rehabilitaci\u00f3n y mantenimiento con coordinaci\u00f3n de gremios. Contacta con nosotros sin compromiso Contactar<\/p>","protected":false},"author":1,"featured_media":0,"parent":0,"menu_order":0,"comment_status":"closed","ping_status":"closed","template":"elementor_canvas","meta":{"footnotes":""},"class_list":["post-12","page","type-page","status-publish","hentry"],"yoast_head":"<!-- This site is optimized with the Yoast SEO plugin v27.4 - https:\/\/yoast.com\/product\/yoast-seo-wordpress\/ -->\n<title>Servicios - Reformas Integrales A R M<\/title>\n<meta name=\"robots\" content=\"index, follow, max-snippet:-1, max-image-preview:large, max-video-preview:-1\" \/>\n<link rel=\"canonical\" href=\"https:\/\/reformasintegrales-a-r-m.com\/eu\/servicios\/\" \/>\n<meta property=\"og:locale\" content=\"en_US\" \/>\n<meta property=\"og:type\" content=\"article\" \/>\n<meta property=\"og:title\" content=\"Servicios - Reformas Integrales A R M\" \/>\n<meta property=\"og:description\" content=\"SERVICIOS Reforma de interiores Ba\u00f1os, cocinas, pladur, tabiques, falsos techos&#8230; Instalaciones y servicios t\u00e9cnicos Fontaner\u00eda, calefacci\u00f3n y calderas, electricidad&#8230; Exterior y \u00e1reas al aire libre Terrazas, patios, tejados y jardiner\u00eda Mantenimiento de comunidades y pabellones Realizamos todo tipo de reformas, rehabilitaci\u00f3n y mantenimiento con coordinaci\u00f3n de gremios. Contacta con nosotros sin compromiso Contactar\" \/>\n<meta property=\"og:url\" content=\"https:\/\/reformasintegrales-a-r-m.com\/eu\/servicios\/\" \/>\n<meta property=\"og:site_name\" content=\"Reformas Integrales A R M\" \/>\n<meta property=\"article:modified_time\" content=\"2026-02-09T14:33:39+00:00\" \/>\n<meta property=\"og:image\" content=\"https:\/\/reformasintegrales-a-r-m.com\/wp-content\/uploads\/2026\/02\/2149366705-1024x683.jpg\" \/>\n<meta name=\"twitter:card\" content=\"summary_large_image\" \/>\n<meta name=\"twitter:label1\" content=\"Est. reading time\" \/>\n\t<meta name=\"twitter:data1\" content=\"1 minutua\" \/>\n<script type=\"application\/ld+json\" class=\"yoast-schema-graph\">{\"@context\":\"https:\\\/\\\/schema.org\",\"@graph\":[{\"@type\":\"WebPage\",\"@id\":\"https:\\\/\\\/reformasintegrales-a-r-m.com\\\/servicios\\\/\",\"url\":\"https:\\\/\\\/reformasintegrales-a-r-m.com\\\/servicios\\\/\",\"name\":\"Servicios - Reformas Integrales A R M\",\"isPartOf\":{\"@id\":\"https:\\\/\\\/reformasintegrales-a-r-m.com\\\/#website\"},\"primaryImageOfPage\":{\"@id\":\"https:\\\/\\\/reformasintegrales-a-r-m.com\\\/servicios\\\/#primaryimage\"},\"image\":{\"@id\":\"https:\\\/\\\/reformasintegrales-a-r-m.com\\\/servicios\\\/#primaryimage\"},\"thumbnailUrl\":\"https:\\\/\\\/reformasintegrales-a-r-m.com\\\/wp-content\\\/uploads\\\/2026\\\/02\\\/2149366705-1024x683.jpg\",\"datePublished\":\"2026-01-30T15:33:09+00:00\",\"dateModified\":\"2026-02-09T14:33:39+00:00\",\"breadcrumb\":{\"@id\":\"https:\\\/\\\/reformasintegrales-a-r-m.com\\\/servicios\\\/#breadcrumb\"},\"inLanguage\":\"eu\",\"potentialAction\":[{\"@type\":\"ReadAction\",\"target\":[\"https:\\\/\\\/reformasintegrales-a-r-m.com\\\/servicios\\\/\"]}]},{\"@type\":\"ImageObject\",\"inLanguage\":\"eu\",\"@id\":\"https:\\\/\\\/reformasintegrales-a-r-m.com\\\/servicios\\\/#primaryimage\",\"url\":\"https:\\\/\\\/reformasintegrales-a-r-m.com\\\/wp-content\\\/uploads\\\/2026\\\/02\\\/2149366705-1024x683.jpg\",\"contentUrl\":\"https:\\\/\\\/reformasintegrales-a-r-m.com\\\/wp-content\\\/uploads\\\/2026\\\/02\\\/2149366705-1024x683.jpg\"},{\"@type\":\"BreadcrumbList\",\"@id\":\"https:\\\/\\\/reformasintegrales-a-r-m.com\\\/servicios\\\/#breadcrumb\",\"itemListElement\":[{\"@type\":\"ListItem\",\"position\":1,\"name\":\"Portada\",\"item\":\"https:\\\/\\\/reformasintegrales-a-r-m.com\\\/\"},{\"@type\":\"ListItem\",\"position\":2,\"name\":\"Servicios\"}]},{\"@type\":\"WebSite\",\"@id\":\"https:\\\/\\\/reformasintegrales-a-r-m.com\\\/#website\",\"url\":\"https:\\\/\\\/reformasintegrales-a-r-m.com\\\/\",\"name\":\"Reformas Integrales A R M\",\"description\":\"\",\"publisher\":{\"@id\":\"https:\\\/\\\/reformasintegrales-a-r-m.com\\\/#organization\"},\"potentialAction\":[{\"@type\":\"SearchAction\",\"target\":{\"@type\":\"EntryPoint\",\"urlTemplate\":\"https:\\\/\\\/reformasintegrales-a-r-m.com\\\/?s={search_term_string}\"},\"query-input\":{\"@type\":\"PropertyValueSpecification\",\"valueRequired\":true,\"valueName\":\"search_term_string\"}}],\"inLanguage\":\"eu\"},{\"@type\":\"Organization\",\"@id\":\"https:\\\/\\\/reformasintegrales-a-r-m.com\\\/#organization\",\"name\":\"Reformas Integrales A R M\",\"url\":\"https:\\\/\\\/reformasintegrales-a-r-m.com\\\/\",\"logo\":{\"@type\":\"ImageObject\",\"inLanguage\":\"eu\",\"@id\":\"https:\\\/\\\/reformasintegrales-a-r-m.com\\\/#\\\/schema\\\/logo\\\/image\\\/\",\"url\":\"https:\\\/\\\/reformasintegrales-a-r-m.com\\\/wp-content\\\/uploads\\\/2026\\\/02\\\/cropped-joseluisveron202512_logo_web.png\",\"contentUrl\":\"https:\\\/\\\/reformasintegrales-a-r-m.com\\\/wp-content\\\/uploads\\\/2026\\\/02\\\/cropped-joseluisveron202512_logo_web.png\",\"width\":2248,\"height\":868,\"caption\":\"Reformas Integrales A R M\"},\"image\":{\"@id\":\"https:\\\/\\\/reformasintegrales-a-r-m.com\\\/#\\\/schema\\\/logo\\\/image\\\/\"}}]}<\/script>\n<!-- \/ Yoast SEO plugin. -->","yoast_head_json":{"title":"Servicios - Reformas Integrales A R M","robots":{"index":"index","follow":"follow","max-snippet":"max-snippet:-1","max-image-preview":"max-image-preview:large","max-video-preview":"max-video-preview:-1"},"canonical":"https:\/\/reformasintegrales-a-r-m.com\/eu\/servicios\/","og_locale":"en_US","og_type":"article","og_title":"Servicios - Reformas Integrales A R M","og_description":"SERVICIOS Reforma de interiores Ba\u00f1os, cocinas, pladur, tabiques, falsos techos&#8230; Instalaciones y servicios t\u00e9cnicos Fontaner\u00eda, calefacci\u00f3n y calderas, electricidad&#8230; Exterior y \u00e1reas al aire libre Terrazas, patios, tejados y jardiner\u00eda Mantenimiento de comunidades y pabellones Realizamos todo tipo de reformas, rehabilitaci\u00f3n y mantenimiento con coordinaci\u00f3n de gremios. Contacta con nosotros sin compromiso Contactar","og_url":"https:\/\/reformasintegrales-a-r-m.com\/eu\/servicios\/","og_site_name":"Reformas Integrales A R M","article_modified_time":"2026-02-09T14:33:39+00:00","og_image":[{"url":"https:\/\/reformasintegrales-a-r-m.com\/wp-content\/uploads\/2026\/02\/2149366705-1024x683.jpg","type":"","width":"","height":""}],"twitter_card":"summary_large_image","twitter_misc":{"Est. reading time":"1 minutua"},"schema":{"@context":"https:\/\/schema.org","@graph":[{"@type":"WebPage","@id":"https:\/\/reformasintegrales-a-r-m.com\/servicios\/","url":"https:\/\/reformasintegrales-a-r-m.com\/servicios\/","name":"Servicios - Reformas Integrales A R M","isPartOf":{"@id":"https:\/\/reformasintegrales-a-r-m.com\/#website"},"primaryImageOfPage":{"@id":"https:\/\/reformasintegrales-a-r-m.com\/servicios\/#primaryimage"},"image":{"@id":"https:\/\/reformasintegrales-a-r-m.com\/servicios\/#primaryimage"},"thumbnailUrl":"https:\/\/reformasintegrales-a-r-m.com\/wp-content\/uploads\/2026\/02\/2149366705-1024x683.jpg","datePublished":"2026-01-30T15:33:09+00:00","dateModified":"2026-02-09T14:33:39+00:00","breadcrumb":{"@id":"https:\/\/reformasintegrales-a-r-m.com\/servicios\/#breadcrumb"},"inLanguage":"eu","potentialAction":[{"@type":"ReadAction","target":["https:\/\/reformasintegrales-a-r-m.com\/servicios\/"]}]},{"@type":"ImageObject","inLanguage":"eu","@id":"https:\/\/reformasintegrales-a-r-m.com\/servicios\/#primaryimage","url":"https:\/\/reformasintegrales-a-r-m.com\/wp-content\/uploads\/2026\/02\/2149366705-1024x683.jpg","contentUrl":"https:\/\/reformasintegrales-a-r-m.com\/wp-content\/uploads\/2026\/02\/2149366705-1024x683.jpg"},{"@type":"BreadcrumbList","@id":"https:\/\/reformasintegrales-a-r-m.com\/servicios\/#breadcrumb","itemListElement":[{"@type":"ListItem","position":1,"name":"Portada","item":"https:\/\/reformasintegrales-a-r-m.com\/"},{"@type":"ListItem","position":2,"name":"Servicios"}]},{"@type":"WebSite","@id":"https:\/\/reformasintegrales-a-r-m.com\/#website","url":"https:\/\/reformasintegrales-a-r-m.com\/","name":"Reformas Integrales A R M","description":"","publisher":{"@id":"https:\/\/reformasintegrales-a-r-m.com\/#organization"},"potentialAction":[{"@type":"SearchAction","target":{"@type":"EntryPoint","urlTemplate":"https:\/\/reformasintegrales-a-r-m.com\/?s={search_term_string}"},"query-input":{"@type":"PropertyValueSpecification","valueRequired":true,"valueName":"search_term_string"}}],"inLanguage":"eu"},{"@type":"Organization","@id":"https:\/\/reformasintegrales-a-r-m.com\/#organization","name":"Reformas Integrales A R M","url":"https:\/\/reformasintegrales-a-r-m.com\/","logo":{"@type":"ImageObject","inLanguage":"eu","@id":"https:\/\/reformasintegrales-a-r-m.com\/#\/schema\/logo\/image\/","url":"https:\/\/reformasintegrales-a-r-m.com\/wp-content\/uploads\/2026\/02\/cropped-joseluisveron202512_logo_web.png","contentUrl":"https:\/\/reformasintegrales-a-r-m.com\/wp-content\/uploads\/2026\/02\/cropped-joseluisveron202512_logo_web.png","width":2248,"height":868,"caption":"Reformas Integrales A R M"},"image":{"@id":"https:\/\/reformasintegrales-a-r-m.com\/#\/schema\/logo\/image\/"}}]}},"_links":{"self":[{"href":"https:\/\/reformasintegrales-a-r-m.com\/eu\/wp-json\/wp\/v2\/pages\/12","targetHints":{"allow":["GET"]}}],"collection":[{"href":"https:\/\/reformasintegrales-a-r-m.com\/eu\/wp-json\/wp\/v2\/pages"}],"about":[{"href":"https:\/\/reformasintegrales-a-r-m.com\/eu\/wp-json\/wp\/v2\/types\/page"}],"author":[{"embeddable":true,"href":"https:\/\/reformasintegrales-a-r-m.com\/eu\/wp-json\/wp\/v2\/users\/1"}],"replies":[{"embeddable":true,"href":"https:\/\/reformasintegrales-a-r-m.com\/eu\/wp-json\/wp\/v2\/comments?post=12"}],"version-history":[{"count":64,"href":"https:\/\/reformasintegrales-a-r-m.com\/eu\/wp-json\/wp\/v2\/pages\/12\/revisions"}],"predecessor-version":[{"id":207,"href":"https:\/\/reformasintegrales-a-r-m.com\/eu\/wp-json\/wp\/v2\/pages\/12\/revisions\/207"}],"wp:attachment":[{"href":"https:\/\/reformasintegrales-a-r-m.com\/eu\/wp-json\/wp\/v2\/media?parent=12"}],"curies":[{"name":"wp","href":"https:\/\/api.w.org\/{rel}","templated":true}]}}