{"id":2,"date":"2026-01-30T15:26:34","date_gmt":"2026-01-30T15:26:34","guid":{"rendered":"https:\/\/reformasintegralesarm.rkinformatika.online\/?page_id=2"},"modified":"2026-02-09T15:08:59","modified_gmt":"2026-02-09T15:08:59","slug":"inicio","status":"publish","type":"page","link":"https:\/\/reformasintegrales-a-r-m.com\/eu\/","title":{"rendered":"Hasiera"},"content":{"rendered":"<div data-elementor-type=\"wp-page\" data-elementor-id=\"2\" class=\"elementor elementor-2\" data-elementor-post-type=\"page\">\n\t\t\t\t<div class=\"elementor-element elementor-element-843bc33 e-con-full e-flex e-con e-parent\" data-id=\"843bc33\" data-element_type=\"container\" data-e-type=\"container\" data-settings=\"{&quot;background_background&quot;:&quot;classic&quot;}\">\n\t\t<div class=\"elementor-element elementor-element-951f709 e-flex e-con-boxed e-con e-child\" data-id=\"951f709\" data-element_type=\"container\" data-e-type=\"container\">\n\t\t\t\t\t<div class=\"e-con-inner\">\n\t\t\t\t<div class=\"elementor-element elementor-element-a933f4b elementor-widget__width-initial elementor-invisible elementor-widget elementor-widget-heading\" data-id=\"a933f4b\" data-element_type=\"widget\" data-e-type=\"widget\" data-settings=\"{&quot;_animation&quot;:&quot;fadeInDown&quot;}\" data-widget_type=\"heading.default\">\n\t\t\t\t\t<h2 class=\"elementor-heading-title elementor-size-default\">Erreforma integralak<\/h2>\t\t\t\t<\/div>\n\t\t\t\t\t<\/div>\n\t\t\t\t<\/div>\n\t\t\t\t<\/div>\n\t\t<div class=\"elementor-element elementor-element-2325e5c e-flex e-con-boxed e-con e-parent\" data-id=\"2325e5c\" data-element_type=\"container\" data-e-type=\"container\">\n\t\t\t\t\t<div class=\"e-con-inner\">\n\t\t<div class=\"elementor-element elementor-element-e5d67a0 e-con-full e-flex e-con e-child\" data-id=\"e5d67a0\" data-element_type=\"container\" data-e-type=\"container\">\n\t\t\t\t<div class=\"elementor-element elementor-element-5dd4922 elementor-invisible elementor-widget elementor-widget-heading\" data-id=\"5dd4922\" data-element_type=\"widget\" data-e-type=\"widget\" data-settings=\"{&quot;_animation&quot;:&quot;fadeInDown&quot;}\" data-widget_type=\"heading.default\">\n\t\t\t\t\t<h2 class=\"elementor-heading-title elementor-size-default\">Guri Buruz<\/h2>\t\t\t\t<\/div>\n\t\t\t\t<div class=\"elementor-element elementor-element-1569bda elementor-widget elementor-widget-text-editor\" data-id=\"1569bda\" data-element_type=\"widget\" data-e-type=\"widget\" data-widget_type=\"text-editor.default\">\n\t\t\t\t\t\t\t\t\t<p data-start=\"220\" data-end=\"558\">Birgaitzearen eta erreforma integralen sektorean 30 urte baino gehiagoko esperientziarekin, kalitatez, eraginkortasunez eta xehetasunari arreta eskainiz espazioak eraldatzen ditugu. Bainugeletan, sukaldeetan, terrazetan, patioetan, teilatuetan eta etxebizitzetarako, komunitateetarako eta pabiloietarako era guztietako berrikuntzetan espezializatzen gara.<\/p><p data-start=\"560\" data-end=\"891\">Gure indarra gremio espezializatuen koordinazioan datza, proiektu bakoitza modu integralean eta ezustekorik gabe egingo dela bermatuz. Iturgintzako, berokuntzako eta galdarako, elektrizitateko, pladurreko, lorezaintzako eta mantentze lanetako ekipoak ditugu, sabai beraren azpian soluzio osoak eskaintzeko.<\/p>\t\t\t\t\t\t\t\t<\/div>\n\t\t\t\t<\/div>\n\t\t<div class=\"elementor-element elementor-element-73186b0 e-con-full e-flex e-con e-child\" data-id=\"73186b0\" data-element_type=\"container\" data-e-type=\"container\">\n\t\t\t\t<div class=\"elementor-element elementor-element-73085c2 elementor-widget elementor-widget-image\" data-id=\"73085c2\" data-element_type=\"widget\" data-e-type=\"widget\" data-widget_type=\"image.default\">\n\t\t\t\t\t\t\t\t\t\t\t\t\t\t\t<img fetchpriority=\"high\" decoding=\"async\" width=\"2560\" height=\"1707\" src=\"https:\/\/reformasintegrales-a-r-m.com\/wp-content\/uploads\/2026\/02\/circular-saw-carpenter-using-circular-saw-wood-scaled.jpg\" class=\"attachment-full size-full wp-image-113\" alt=\"\" srcset=\"https:\/\/reformasintegrales-a-r-m.com\/wp-content\/uploads\/2026\/02\/circular-saw-carpenter-using-circular-saw-wood-scaled.jpg 2560w, https:\/\/reformasintegrales-a-r-m.com\/wp-content\/uploads\/2026\/02\/circular-saw-carpenter-using-circular-saw-wood-300x200.jpg 300w, https:\/\/reformasintegrales-a-r-m.com\/wp-content\/uploads\/2026\/02\/circular-saw-carpenter-using-circular-saw-wood-1024x683.jpg 1024w, https:\/\/reformasintegrales-a-r-m.com\/wp-content\/uploads\/2026\/02\/circular-saw-carpenter-using-circular-saw-wood-768x512.jpg 768w, https:\/\/reformasintegrales-a-r-m.com\/wp-content\/uploads\/2026\/02\/circular-saw-carpenter-using-circular-saw-wood-1536x1024.jpg 1536w, https:\/\/reformasintegrales-a-r-m.com\/wp-content\/uploads\/2026\/02\/circular-saw-carpenter-using-circular-saw-wood-2048x1365.jpg 2048w, https:\/\/reformasintegrales-a-r-m.com\/wp-content\/uploads\/2026\/02\/circular-saw-carpenter-using-circular-saw-wood-18x12.jpg 18w\" sizes=\"(max-width: 2560px) 100vw, 2560px\" \/>\t\t\t\t\t\t\t\t\t\t\t\t\t\t\t<\/div>\n\t\t\t\t<\/div>\n\t\t\t\t\t<\/div>\n\t\t\t\t<\/div>\n\t\t<div class=\"elementor-element elementor-element-ec508a0 e-flex e-con-boxed e-con e-parent\" data-id=\"ec508a0\" data-element_type=\"container\" data-e-type=\"container\" data-settings=\"{&quot;background_background&quot;:&quot;classic&quot;}\">\n\t\t\t\t\t<div class=\"e-con-inner\">\n\t\t<div class=\"elementor-element elementor-element-a734624 e-con-full e-flex e-con e-child\" data-id=\"a734624\" data-element_type=\"container\" data-e-type=\"container\">\n\t\t\t\t<div class=\"elementor-element elementor-element-e8a8334 elementor-widget elementor-widget-heading\" data-id=\"e8a8334\" data-element_type=\"widget\" data-e-type=\"widget\" data-widget_type=\"heading.default\">\n\t\t\t\t\t<h2 class=\"elementor-heading-title elementor-size-default\">Ezagutu gure zerbitzuak<\/h2>\t\t\t\t<\/div>\n\t\t\t\t<div class=\"elementor-element elementor-element-7a5c866 elementor-align-center elementor-widget elementor-widget-button\" data-id=\"7a5c866\" data-element_type=\"widget\" data-e-type=\"widget\" data-widget_type=\"button.default\">\n\t\t\t\t\t\t\t\t\t\t<a class=\"elementor-button elementor-button-link elementor-size-sm\" href=\"\/eu\/Servicios\/\">\n\t\t\t\t\t\t<span class=\"elementor-button-content-wrapper\">\n\t\t\t\t\t\t\t\t\t<span class=\"elementor-button-text\">Zerbitzuak<\/span>\n\t\t\t\t\t<\/span>\n\t\t\t\t\t<\/a>\n\t\t\t\t\t\t\t\t<\/div>\n\t\t\t\t<\/div>\n\t\t\t\t\t<\/div>\n\t\t\t\t<\/div>\n\t\t\t\t<\/div>","protected":false},"excerpt":{"rendered":"<p>Reformas Integrales Sobre nosotros Con m\u00e1s de 30 a\u00f1os de experiencia en el sector de la rehabilitaci\u00f3n y reformas integrales, transformamos espacios con calidad, eficiencia y atenci\u00f3n al detalle. Nos especializamos en ba\u00f1os, cocinas, terrazas, patios, tejados y todo tipo de reformas para viviendas, comunidades y pabellones. Nuestra fortaleza radica en la coordinaci\u00f3n de gremios [&hellip;]<\/p>\n","protected":false},"author":1,"featured_media":0,"parent":0,"menu_order":0,"comment_status":"closed","ping_status":"closed","template":"elementor_canvas","meta":{"footnotes":""},"class_list":["post-2","page","type-page","status-publish","hentry"],"yoast_head":"<!-- This site is optimized with the Yoast SEO plugin v27.4 - https:\/\/yoast.com\/product\/yoast-seo-wordpress\/ -->\n<title>Inicio - Reformas Integrales A R M<\/title>\n<meta name=\"robots\" content=\"index, follow, max-snippet:-1, max-image-preview:large, max-video-preview:-1\" \/>\n<link rel=\"canonical\" href=\"https:\/\/reformasintegrales-a-r-m.com\/eu\/\" \/>\n<meta property=\"og:locale\" content=\"en_US\" \/>\n<meta property=\"og:type\" content=\"article\" \/>\n<meta property=\"og:title\" content=\"Inicio - Reformas Integrales A R M\" \/>\n<meta property=\"og:description\" content=\"Reformas Integrales Sobre nosotros Con m\u00e1s de 30 a\u00f1os de experiencia en el sector de la rehabilitaci\u00f3n y reformas integrales, transformamos espacios con calidad, eficiencia y atenci\u00f3n al detalle. Nos especializamos en ba\u00f1os, cocinas, terrazas, patios, tejados y todo tipo de reformas para viviendas, comunidades y pabellones. Nuestra fortaleza radica en la coordinaci\u00f3n de gremios [&hellip;]\" \/>\n<meta property=\"og:url\" content=\"https:\/\/reformasintegrales-a-r-m.com\/eu\/\" \/>\n<meta property=\"og:site_name\" content=\"Reformas Integrales A R M\" \/>\n<meta property=\"article:modified_time\" content=\"2026-02-09T15:08:59+00:00\" \/>\n<meta property=\"og:image\" content=\"https:\/\/reformasintegrales-a-r-m.com\/wp-content\/uploads\/2026\/02\/circular-saw-carpenter-using-circular-saw-wood-scaled.jpg\" \/>\n<meta name=\"twitter:card\" content=\"summary_large_image\" \/>\n<meta name=\"twitter:label1\" content=\"Est. reading time\" \/>\n\t<meta name=\"twitter:data1\" content=\"1 minutua\" \/>\n<script type=\"application\/ld+json\" class=\"yoast-schema-graph\">{\"@context\":\"https:\\\/\\\/schema.org\",\"@graph\":[{\"@type\":\"WebPage\",\"@id\":\"https:\\\/\\\/reformasintegrales-a-r-m.com\\\/\",\"url\":\"https:\\\/\\\/reformasintegrales-a-r-m.com\\\/\",\"name\":\"Inicio - Reformas Integrales A R M\",\"isPartOf\":{\"@id\":\"https:\\\/\\\/reformasintegrales-a-r-m.com\\\/#website\"},\"primaryImageOfPage\":{\"@id\":\"https:\\\/\\\/reformasintegrales-a-r-m.com\\\/#primaryimage\"},\"image\":{\"@id\":\"https:\\\/\\\/reformasintegrales-a-r-m.com\\\/#primaryimage\"},\"thumbnailUrl\":\"https:\\\/\\\/reformasintegrales-a-r-m.com\\\/wp-content\\\/uploads\\\/2026\\\/02\\\/circular-saw-carpenter-using-circular-saw-wood-scaled.jpg\",\"datePublished\":\"2026-01-30T15:26:34+00:00\",\"dateModified\":\"2026-02-09T15:08:59+00:00\",\"breadcrumb\":{\"@id\":\"https:\\\/\\\/reformasintegrales-a-r-m.com\\\/#breadcrumb\"},\"inLanguage\":\"eu\",\"potentialAction\":[{\"@type\":\"ReadAction\",\"target\":[\"https:\\\/\\\/reformasintegrales-a-r-m.com\\\/\"]}]},{\"@type\":\"ImageObject\",\"inLanguage\":\"eu\",\"@id\":\"https:\\\/\\\/reformasintegrales-a-r-m.com\\\/#primaryimage\",\"url\":\"https:\\\/\\\/reformasintegrales-a-r-m.com\\\/wp-content\\\/uploads\\\/2026\\\/02\\\/circular-saw-carpenter-using-circular-saw-wood-scaled.jpg\",\"contentUrl\":\"https:\\\/\\\/reformasintegrales-a-r-m.com\\\/wp-content\\\/uploads\\\/2026\\\/02\\\/circular-saw-carpenter-using-circular-saw-wood-scaled.jpg\"},{\"@type\":\"BreadcrumbList\",\"@id\":\"https:\\\/\\\/reformasintegrales-a-r-m.com\\\/#breadcrumb\",\"itemListElement\":[{\"@type\":\"ListItem\",\"position\":1,\"name\":\"Portada\",\"item\":\"https:\\\/\\\/reformasintegrales-a-r-m.com\\\/\"},{\"@type\":\"ListItem\",\"position\":2,\"name\":\"Inicio\"}]},{\"@type\":\"WebSite\",\"@id\":\"https:\\\/\\\/reformasintegrales-a-r-m.com\\\/#website\",\"url\":\"https:\\\/\\\/reformasintegrales-a-r-m.com\\\/\",\"name\":\"Reformas Integrales A R M\",\"description\":\"\",\"publisher\":{\"@id\":\"https:\\\/\\\/reformasintegrales-a-r-m.com\\\/#organization\"},\"potentialAction\":[{\"@type\":\"SearchAction\",\"target\":{\"@type\":\"EntryPoint\",\"urlTemplate\":\"https:\\\/\\\/reformasintegrales-a-r-m.com\\\/?s={search_term_string}\"},\"query-input\":{\"@type\":\"PropertyValueSpecification\",\"valueRequired\":true,\"valueName\":\"search_term_string\"}}],\"inLanguage\":\"eu\"},{\"@type\":\"Organization\",\"@id\":\"https:\\\/\\\/reformasintegrales-a-r-m.com\\\/#organization\",\"name\":\"Reformas Integrales A R M\",\"url\":\"https:\\\/\\\/reformasintegrales-a-r-m.com\\\/\",\"logo\":{\"@type\":\"ImageObject\",\"inLanguage\":\"eu\",\"@id\":\"https:\\\/\\\/reformasintegrales-a-r-m.com\\\/#\\\/schema\\\/logo\\\/image\\\/\",\"url\":\"https:\\\/\\\/reformasintegrales-a-r-m.com\\\/wp-content\\\/uploads\\\/2026\\\/02\\\/cropped-joseluisveron202512_logo_web.png\",\"contentUrl\":\"https:\\\/\\\/reformasintegrales-a-r-m.com\\\/wp-content\\\/uploads\\\/2026\\\/02\\\/cropped-joseluisveron202512_logo_web.png\",\"width\":2248,\"height\":868,\"caption\":\"Reformas Integrales A R M\"},\"image\":{\"@id\":\"https:\\\/\\\/reformasintegrales-a-r-m.com\\\/#\\\/schema\\\/logo\\\/image\\\/\"}}]}<\/script>\n<!-- \/ Yoast SEO plugin. -->","yoast_head_json":{"title":"Inicio - Reformas Integrales A R M","robots":{"index":"index","follow":"follow","max-snippet":"max-snippet:-1","max-image-preview":"max-image-preview:large","max-video-preview":"max-video-preview:-1"},"canonical":"https:\/\/reformasintegrales-a-r-m.com\/eu\/","og_locale":"en_US","og_type":"article","og_title":"Inicio - Reformas Integrales A R M","og_description":"Reformas Integrales Sobre nosotros Con m\u00e1s de 30 a\u00f1os de experiencia en el sector de la rehabilitaci\u00f3n y reformas integrales, transformamos espacios con calidad, eficiencia y atenci\u00f3n al detalle. Nos especializamos en ba\u00f1os, cocinas, terrazas, patios, tejados y todo tipo de reformas para viviendas, comunidades y pabellones. Nuestra fortaleza radica en la coordinaci\u00f3n de gremios [&hellip;]","og_url":"https:\/\/reformasintegrales-a-r-m.com\/eu\/","og_site_name":"Reformas Integrales A R M","article_modified_time":"2026-02-09T15:08:59+00:00","og_image":[{"url":"https:\/\/reformasintegrales-a-r-m.com\/wp-content\/uploads\/2026\/02\/circular-saw-carpenter-using-circular-saw-wood-scaled.jpg","type":"","width":"","height":""}],"twitter_card":"summary_large_image","twitter_misc":{"Est. reading time":"1 minutua"},"schema":{"@context":"https:\/\/schema.org","@graph":[{"@type":"WebPage","@id":"https:\/\/reformasintegrales-a-r-m.com\/","url":"https:\/\/reformasintegrales-a-r-m.com\/","name":"Inicio - Reformas Integrales A R M","isPartOf":{"@id":"https:\/\/reformasintegrales-a-r-m.com\/#website"},"primaryImageOfPage":{"@id":"https:\/\/reformasintegrales-a-r-m.com\/#primaryimage"},"image":{"@id":"https:\/\/reformasintegrales-a-r-m.com\/#primaryimage"},"thumbnailUrl":"https:\/\/reformasintegrales-a-r-m.com\/wp-content\/uploads\/2026\/02\/circular-saw-carpenter-using-circular-saw-wood-scaled.jpg","datePublished":"2026-01-30T15:26:34+00:00","dateModified":"2026-02-09T15:08:59+00:00","breadcrumb":{"@id":"https:\/\/reformasintegrales-a-r-m.com\/#breadcrumb"},"inLanguage":"eu","potentialAction":[{"@type":"ReadAction","target":["https:\/\/reformasintegrales-a-r-m.com\/"]}]},{"@type":"ImageObject","inLanguage":"eu","@id":"https:\/\/reformasintegrales-a-r-m.com\/#primaryimage","url":"https:\/\/reformasintegrales-a-r-m.com\/wp-content\/uploads\/2026\/02\/circular-saw-carpenter-using-circular-saw-wood-scaled.jpg","contentUrl":"https:\/\/reformasintegrales-a-r-m.com\/wp-content\/uploads\/2026\/02\/circular-saw-carpenter-using-circular-saw-wood-scaled.jpg"},{"@type":"BreadcrumbList","@id":"https:\/\/reformasintegrales-a-r-m.com\/#breadcrumb","itemListElement":[{"@type":"ListItem","position":1,"name":"Portada","item":"https:\/\/reformasintegrales-a-r-m.com\/"},{"@type":"ListItem","position":2,"name":"Inicio"}]},{"@type":"WebSite","@id":"https:\/\/reformasintegrales-a-r-m.com\/#website","url":"https:\/\/reformasintegrales-a-r-m.com\/","name":"Reformas Integrales A R M","description":"","publisher":{"@id":"https:\/\/reformasintegrales-a-r-m.com\/#organization"},"potentialAction":[{"@type":"SearchAction","target":{"@type":"EntryPoint","urlTemplate":"https:\/\/reformasintegrales-a-r-m.com\/?s={search_term_string}"},"query-input":{"@type":"PropertyValueSpecification","valueRequired":true,"valueName":"search_term_string"}}],"inLanguage":"eu"},{"@type":"Organization","@id":"https:\/\/reformasintegrales-a-r-m.com\/#organization","name":"Reformas Integrales A R M","url":"https:\/\/reformasintegrales-a-r-m.com\/","logo":{"@type":"ImageObject","inLanguage":"eu","@id":"https:\/\/reformasintegrales-a-r-m.com\/#\/schema\/logo\/image\/","url":"https:\/\/reformasintegrales-a-r-m.com\/wp-content\/uploads\/2026\/02\/cropped-joseluisveron202512_logo_web.png","contentUrl":"https:\/\/reformasintegrales-a-r-m.com\/wp-content\/uploads\/2026\/02\/cropped-joseluisveron202512_logo_web.png","width":2248,"height":868,"caption":"Reformas Integrales A R M"},"image":{"@id":"https:\/\/reformasintegrales-a-r-m.com\/#\/schema\/logo\/image\/"}}]}},"_links":{"self":[{"href":"https:\/\/reformasintegrales-a-r-m.com\/eu\/wp-json\/wp\/v2\/pages\/2","targetHints":{"allow":["GET"]}}],"collection":[{"href":"https:\/\/reformasintegrales-a-r-m.com\/eu\/wp-json\/wp\/v2\/pages"}],"about":[{"href":"https:\/\/reformasintegrales-a-r-m.com\/eu\/wp-json\/wp\/v2\/types\/page"}],"author":[{"embeddable":true,"href":"https:\/\/reformasintegrales-a-r-m.com\/eu\/wp-json\/wp\/v2\/users\/1"}],"replies":[{"embeddable":true,"href":"https:\/\/reformasintegrales-a-r-m.com\/eu\/wp-json\/wp\/v2\/comments?post=2"}],"version-history":[{"count":49,"href":"https:\/\/reformasintegrales-a-r-m.com\/eu\/wp-json\/wp\/v2\/pages\/2\/revisions"}],"predecessor-version":[{"id":248,"href":"https:\/\/reformasintegrales-a-r-m.com\/eu\/wp-json\/wp\/v2\/pages\/2\/revisions\/248"}],"wp:attachment":[{"href":"https:\/\/reformasintegrales-a-r-m.com\/eu\/wp-json\/wp\/v2\/media?parent=2"}],"curies":[{"name":"wp","href":"https:\/\/api.w.org\/{rel}","templated":true}]}}